{"id":11,"date":"2015-01-06T23:15:19","date_gmt":"2015-01-06T23:15:19","guid":{"rendered":"http:\/\/programmerserkan.wordpress.com\/?page_id=1"},"modified":"2015-01-06T23:15:19","modified_gmt":"2015-01-06T23:15:19","slug":"about","status":"publish","type":"page","link":"https:\/\/serkanyarar.com.tr\/blog\/about\/","title":{"rendered":"Hakk\u0131mda"},"content":{"rendered":"<h2 style=\"text-align:center;\">Hayat\u0131m<\/h2>\n<p align=\"justify\">1996 y\u0131l\u0131nda k\u00fc\u00e7\u00fck ve sevimli bir \u015fehir olan Karaman&#8217;da d\u00fcnyaya geldim. Evimize ilk bilgisayar al\u0131nd\u0131\u011f\u0131nda ise 8 ya\u015f\u0131ndayd\u0131m ve san\u0131lan\u0131n aksine hemen oturup ilk programam\u0131  yazmad\u0131m \ud83d\ude00 A\u00e7maya bile cesaret etmem uzun zaman\u0131m\u0131 alm\u0131\u015ft\u0131 \u00e7\u00fcnk\u00fc d\u00fcnyan\u0131n en kar\u0131\u015f\u0131k ve en \u00fcrk\u00fct\u00fcc\u00fc makinesiydi o&#8230; Onun ismi Casper Alfa Force&#8217;tu hi\u00e7 unutam\u0131yorum. Ve evet, kesinlikle o h\u0131r\u0131lt\u0131l\u0131 koca ihtiyar\u0131 \u00f6zl\u00fcyorum&#8230; \ud83d\ude42<\/p>\n<h2 style=\"text-align:center;\">Okul Y\u0131llar\u0131<\/h2>\n<p>\u00d6\u011frenimime Karaman&#8217;da <a href=\"http:\/\/www.ybio.k12.tr\/\" target=\"_blank\">Y\u0131lmaz Babao\u011flu \u0130lk\u00f6\u011fretim Okulu<\/a>\u2018nda ba\u015flad\u0131m. Ortaokulu ise Konya&#8217;da <a href=\"http:\/\/cemileerkunt.meb.k12.tr\/\" target=\"_blank\">Cemile Erkunt \u0130.O.<\/a>\u2018nda okudum ve 2010 y\u0131l\u0131nda buradan mezun oldum. Bilgisayara olan ilgim tamda o zaman ba\u015flam\u0131\u015ft\u0131 ve lise tercihimi <a href=\"http:\/\/tuteml.meb.k12.tr\/\" target=\"_blank\">Temizel-\u00dcnl\u00fc Bilgisayar Anadolu Teknik Lisesi<\/a>\u2018nde yapt\u0131m. Burada programlama ve veritaban\u0131 hakk\u0131nda olduk\u00e7a \u015fey \u00f6\u011frendim ve bu yolda gitmeye karar verdim. \u00d6n Lisans\u0131m\u0131 <a href=\"http:\/\/www.ieu.edu.tr\/tr\" target=\"_blank\">\u0130zmir Ekonomi \u00dcniversitesi<\/a> &#8211; Bilgisayar Programc\u0131l\u0131\u011f\u0131nda yapt\u0131m. Ve i\u015fte burday\u0131z&#8230;<\/p>\n<hr \/>\n<h3>Sertifikalar\u0131m<\/h3>\n<p>27.02.2012 &#8211; Cisco IT Essentials : PC Hardware and Software<\/p>\n<p>21.05.2012 &#8211; Cisco CCNA Discovery: Networking for Home and Small Businesses<\/p>\n<p>2012-2013 &#8211; T\u00fcbitak 4006 Bilim Fuar\u0131 Kat\u0131l\u0131m Belgesi<\/p>\n<p>2013-2014 &#8211; T\u00fcbitak 4006 Bilim Fuar\u0131 Kat\u0131l\u0131m Belgesi<\/p>\n<hr \/>\n<p>&nbsp;<\/p>\n","protected":false},"excerpt":{"rendered":"<p>Hayat\u0131m 1996 y\u0131l\u0131nda k\u00fc\u00e7\u00fck ve sevimli bir \u015fehir olan Karaman&#8217;da d\u00fcnyaya geldim. Evimize ilk bilgisayar al\u0131nd\u0131\u011f\u0131nda ise 8 ya\u015f\u0131ndayd\u0131m ve san\u0131lan\u0131n aksine hemen oturup ilk programam\u0131 yazmad\u0131m \ud83d\ude00 A\u00e7maya bile cesaret etmem uzun zaman\u0131m\u0131 alm\u0131\u015ft\u0131 \u00e7\u00fcnk\u00fc d\u00fcnyan\u0131n en kar\u0131\u015f\u0131k ve en \u00fcrk\u00fct\u00fcc\u00fc makinesiydi o&#8230; Onun ismi Casper Alfa Force&#8217;tu hi\u00e7 unutam\u0131yorum. Ve evet, kesinlikle o [&hellip;]<\/p>\n","protected":false},"author":1,"featured_media":0,"parent":0,"menu_order":0,"comment_status":"open","ping_status":"open","template":"","meta":{"footnotes":""},"class_list":["post-11","page","type-page","status-publish","hentry"],"_links":{"self":[{"href":"https:\/\/serkanyarar.com.tr\/blog\/wp-json\/wp\/v2\/pages\/11","targetHints":{"allow":["GET"]}}],"collection":[{"href":"https:\/\/serkanyarar.com.tr\/blog\/wp-json\/wp\/v2\/pages"}],"about":[{"href":"https:\/\/serkanyarar.com.tr\/blog\/wp-json\/wp\/v2\/types\/page"}],"author":[{"embeddable":true,"href":"https:\/\/serkanyarar.com.tr\/blog\/wp-json\/wp\/v2\/users\/1"}],"replies":[{"embeddable":true,"href":"https:\/\/serkanyarar.com.tr\/blog\/wp-json\/wp\/v2\/comments?post=11"}],"version-history":[{"count":1,"href":"https:\/\/serkanyarar.com.tr\/blog\/wp-json\/wp\/v2\/pages\/11\/revisions"}],"predecessor-version":[{"id":358,"href":"https:\/\/serkanyarar.com.tr\/blog\/wp-json\/wp\/v2\/pages\/11\/revisions\/358"}],"wp:attachment":[{"href":"https:\/\/serkanyarar.com.tr\/blog\/wp-json\/wp\/v2\/media?parent=11"}],"curies":[{"name":"wp","href":"https:\/\/api.w.org\/{rel}","templated":true}]}}